{"id":57692,"date":"2023-05-06T10:37:00","date_gmt":"2023-05-06T09:37:00","guid":{"rendered":"https:\/\/philhallmark.com\/devarea\/?post_type=product&#038;p=57692"},"modified":"2025-06-11T14:08:37","modified_gmt":"2025-06-11T13:08:37","slug":"acqua-di-gio-profondo-edp-125m","status":"publish","type":"product","link":"https:\/\/philhallmark.com\/devarea\/product\/acqua-di-gio-profondo-edp-125m\/","title":{"rendered":"Acqua Di Gio Profondo Edp 125 M"},"content":{"rendered":"","protected":false},"excerpt":{"rendered":"<p>Discover Acqua di Gi\u00f2 Profondo, the masculine fragrance from Giorgio Armani.<\/p>\n<p>The contemporary and intense interpretation of Acqua di Gi\u00f2 blends marine notes with aromatic essences and a woody marine accord, going back to the range\u2019s origins: the sea. The refined navy blue color of the bottle pays tribute to Giorgio Armani\u2019s most iconic color.<\/p>\n<p>Acqua di Gi\u00f2 Profondo is the intense marine interpretation of Acqua di Gi\u00f2. More than a fragrance, Aqua di Gi\u00f2 Profondo is a captivating deep dive into the profoundness of the soul, embracing the values of freedom, sensoriality, and modern masculinity, revealing an ever more profound dimension.<\/p>\n<p>&nbsp;<\/p>\n","protected":false},"featured_media":68062,"comment_status":"closed","ping_status":"closed","template":"","meta":[],"product_brand":[],"product_cat":[116,113],"product_tag":[536],"class_list":{"0":"post-57692","1":"product","2":"type-product","3":"status-publish","4":"has-post-thumbnail","6":"product_cat-designer-perfumes","7":"product_cat-fragrance","8":"product_tag-acqua-di-gio","10":"first","11":"instock","12":"taxable","13":"shipping-taxable","14":"purchasable","15":"product-type-simple"},"_links":{"self":[{"href":"https:\/\/philhallmark.com\/devarea\/wp-json\/wp\/v2\/product\/57692","targetHints":{"allow":["GET"]}}],"collection":[{"href":"https:\/\/philhallmark.com\/devarea\/wp-json\/wp\/v2\/product"}],"about":[{"href":"https:\/\/philhallmark.com\/devarea\/wp-json\/wp\/v2\/types\/product"}],"replies":[{"embeddable":true,"href":"https:\/\/philhallmark.com\/devarea\/wp-json\/wp\/v2\/comments?post=57692"}],"version-history":[{"count":3,"href":"https:\/\/philhallmark.com\/devarea\/wp-json\/wp\/v2\/product\/57692\/revisions"}],"predecessor-version":[{"id":72797,"href":"https:\/\/philhallmark.com\/devarea\/wp-json\/wp\/v2\/product\/57692\/revisions\/72797"}],"wp:featuredmedia":[{"embeddable":true,"href":"https:\/\/philhallmark.com\/devarea\/wp-json\/wp\/v2\/media\/68062"}],"wp:attachment":[{"href":"https:\/\/philhallmark.com\/devarea\/wp-json\/wp\/v2\/media?parent=57692"}],"wp:term":[{"taxonomy":"product_brand","embeddable":true,"href":"https:\/\/philhallmark.com\/devarea\/wp-json\/wp\/v2\/product_brand?post=57692"},{"taxonomy":"product_cat","embeddable":true,"href":"https:\/\/philhallmark.com\/devarea\/wp-json\/wp\/v2\/product_cat?post=57692"},{"taxonomy":"product_tag","embeddable":true,"href":"https:\/\/philhallmark.com\/devarea\/wp-json\/wp\/v2\/product_tag?post=57692"}],"curies":[{"name":"wp","href":"https:\/\/api.w.org\/{rel}","templated":true}]}}